{"id":847,"date":"2020-11-03T22:32:05","date_gmt":"2020-11-03T22:32:05","guid":{"rendered":"https:\/\/www.velosuisse.ch\/?page_id=847"},"modified":"2026-04-10T10:32:29","modified_gmt":"2026-04-10T09:32:29","slug":"infotech-2027","status":"publish","type":"page","link":"https:\/\/www.velosuisse.ch\/en\/infotech-2027\/","title":{"rendered":"Infotech 2027"},"content":{"rendered":"<p>[et_pb_section fb_built=&#8220;1&#8243; fullwidth=&#8220;on&#8220; _builder_version=&#8220;4.16&#8243; animation_direction=&#8220;top&#8220; locked=&#8220;off&#8220; global_colors_info=&#8220;{}&#8220;][et_pb_fullwidth_header text_orientation=&#8220;center&#8220; background_overlay_color=&#8220;rgba(0,0,0,0)&#8220; logo_image_url=&#8220;https:\/\/www.velosuisse.ch\/wp-content\/uploads\/2025\/01\/InfoTech-Logo-2026.jpg&#8220; content_max_width=&#8220;800px&#8220; _builder_version=&#8220;4.27.4&#8243; title_level=&#8220;h2&#8243; title_font=&#8220;Lato||||||||&#8220; title_font_size=&#8220;60px&#8220; title_line_height=&#8220;1.2em&#8220; content_font=&#8220;||||||||&#8220; content_font_size=&#8220;20px&#8220; content_line_height=&#8220;1.8em&#8220; background_color=&#8220;rgba(255,255,255,0)&#8220; background_color_gradient_direction=&#8220;90deg&#8220; background_image=&#8220;https:\/\/www.velosuisse.ch\/wp-content\/uploads\/2020\/11\/InfoTech_Logo_2021.jpg&#8220; background_size=&#8220;initial&#8220; custom_button_one=&#8220;on&#8220; button_one_text_size=&#8220;18px&#8220; button_one_bg_color=&#8220;#02d002&#8243; button_one_border_width=&#8220;8px&#8220; button_one_border_color=&#8220;#02d002&#8243; button_one_border_radius=&#8220;0px&#8220; button_one_letter_spacing=&#8220;1px&#8220; button_one_font=&#8220;Lato|700|||||||&#8220; button_one_use_icon=&#8220;off&#8220; custom_button_two=&#8220;on&#8220; button_two_text_size=&#8220;18px&#8220; button_two_text_color=&#8220;#353740&#8243; button_two_bg_color=&#8220;#ffffff&#8220; button_two_border_width=&#8220;8px&#8220; button_two_border_color=&#8220;#ffffff&#8220; button_two_border_radius=&#8220;0px&#8220; button_two_letter_spacing=&#8220;1px&#8220; button_two_font=&#8220;Lato|700|||||||&#8220; button_two_use_icon=&#8220;off&#8220; custom_margin=&#8220;|||&#8220; custom_padding=&#8220;0.2%||0%|||&#8220; animation_style=&#8220;fade&#8220; hover_transition_duration=&#8220;0ms&#8220; link_option_url=&#8220;https:\/\/www.velosuisse.ch\/ticketshop\/&#8220; button_one_letter_spacing_hover=&#8220;1px&#8220; button_two_letter_spacing_hover=&#8220;1px&#8220; saved_tabs=&#8220;all&#8220; locked=&#8220;off&#8220; global_colors_info=&#8220;{}&#8220; button_one_text_size__hover_enabled=&#8220;off&#8220; button_two_text_size__hover_enabled=&#8220;off&#8220; button_one_text_color__hover_enabled=&#8220;off&#8220; button_two_text_color__hover_enabled=&#8220;off&#8220; button_one_border_width__hover_enabled=&#8220;off&#8220; button_two_border_width__hover_enabled=&#8220;off&#8220; button_one_border_color__hover_enabled=&#8220;off&#8220; button_two_border_color__hover_enabled=&#8220;off&#8220; button_one_border_radius__hover_enabled=&#8220;off&#8220; button_two_border_radius__hover_enabled=&#8220;off&#8220; button_one_letter_spacing__hover_enabled=&#8220;on&#8220; button_one_letter_spacing__hover=&#8220;1px&#8220; button_two_letter_spacing__hover_enabled=&#8220;on&#8220; button_two_letter_spacing__hover=&#8220;1px&#8220; button_one_bg_color__hover_enabled=&#8220;off&#8220; button_two_bg_color__hover_enabled=&#8220;off&#8220;][\/et_pb_fullwidth_header][\/et_pb_section][et_pb_section fb_built=&#8220;1&#8243; _builder_version=&#8220;4.16&#8243; _module_preset=&#8220;default&#8220; custom_padding=&#8220;26px||24px|||&#8220; global_colors_info=&#8220;{}&#8220;][et_pb_row _builder_version=&#8220;4.27.6&#8243; _module_preset=&#8220;default&#8220;][et_pb_column _builder_version=&#8220;4.27.6&#8243; _module_preset=&#8220;default&#8220; type=&#8220;4_4&#8243;][et_pb_text _builder_version=&#8220;4.27.6&#8243; _module_preset=&#8220;default&#8220; hover_enabled=&#8220;0&#8243; sticky_enabled=&#8220;0&#8243;]<\/p>\n<p>Die Infotech von velosuisse ist die etablierte Wissens- und Weiterbildungsplattform der Veloindustrie f\u00fcr den Velofachhandel sowie eine bedeutende Netzwerkplattform f\u00fcr die Schweizer Velobranche.<\/p>\n<p>Ab 2027 pr\u00e4sentiert sich die infotech mit einem neuen Konzept und spannenden Inhalten f\u00fcr unterschiedliche Anspruchsgruppen. Ob Gesch\u00e4ftsf\u00fchrer, Mechaniker, Verk\u00e4ufer, Lernende oder Quereinsteiger \u2013 die infotech bietet allen eine wertvolle Plattform f\u00fcr Weiterbildung, Austausch und<br \/>Vernetzung.<\/p>\n<p>Als j\u00e4hrlicher Startschuss in die Velosaison vermittelt die infotech aktuelle Trends und technische Neuheiten sowie Wissen zu digitalen und kaufm\u00e4nnischen Themen, Marketing und Verkauf. Gleichzeitig wird auch das Networking grossgeschrieben: Hier trifft der Velohandel direkt auf die Vertreter der Veloindustrie \u2013 ganz im Sinne der kurzen Wege, die unsere Branche auszeichnen.<\/p>\n<p>[\/et_pb_text][\/et_pb_column][\/et_pb_row][\/et_pb_section][et_pb_section fb_built=&#8220;1&#8243; admin_label=&#8220;Anzeige&#8220; _builder_version=&#8220;4.16&#8243; _module_preset=&#8220;default&#8220; background_color=&#8220;rgba(0,0,0,0.1)&#8220; custom_padding=&#8220;3px||0px|||&#8220; global_colors_info=&#8220;{}&#8220;][et_pb_row _builder_version=&#8220;4.16&#8243; _module_preset=&#8220;default&#8220; global_colors_info=&#8220;{}&#8220;][et_pb_column type=&#8220;4_4&#8243; _builder_version=&#8220;4.16&#8243; _module_preset=&#8220;default&#8220; global_colors_info=&#8220;{}&#8220;][et_pb_text _builder_version=&#8220;4.16&#8243; _module_preset=&#8220;default&#8220; min_height=&#8220;26px&#8220; custom_margin=&#8220;0px||-38px||false|false&#8220; custom_padding=&#8220;0px||0px||false|false&#8220; global_colors_info=&#8220;{}&#8220;]<\/p>\n<p><span style=\"font-size: x-small;\">Anzeige:<\/span><\/p>\n<p>[\/et_pb_text][\/et_pb_column][\/et_pb_row][et_pb_row _builder_version=&#8220;4.16&#8243; _module_preset=&#8220;default&#8220; module_alignment=&#8220;center&#8220; custom_margin=&#8220;-30px||||false|false&#8220; custom_padding=&#8220;||0px|||&#8220; global_colors_info=&#8220;{}&#8220;][et_pb_column type=&#8220;4_4&#8243; _builder_version=&#8220;4.16&#8243; _module_preset=&#8220;default&#8220; global_colors_info=&#8220;{}&#8220;][et_pb_text _builder_version=&#8220;4.16&#8243; _module_preset=&#8220;default&#8220; text_orientation=&#8220;center&#8220; custom_margin=&#8220;||-152px||false|false&#8220; custom_padding=&#8220;||0px|||&#8220; global_colors_info=&#8220;{}&#8220;][\/et_pb_text][\/et_pb_column][\/et_pb_row][\/et_pb_section]<\/p>\n","protected":false},"excerpt":{"rendered":"<p>Die Infotech von velosuisse ist die etablierte Wissens- und Weiterbildungsplattform der Veloindustrie f\u00fcr den Velofachhandel sowie eine bedeutende Netzwerkplattform f\u00fcr die Schweizer Velobranche. Ab 2027 pr\u00e4sentiert sich die infotech mit einem neuen Konzept und spannenden Inhalten f\u00fcr unterschiedliche Anspruchsgruppen. Ob Gesch\u00e4ftsf\u00fchrer, Mechaniker, Verk\u00e4ufer, Lernende oder Quereinsteiger \u2013 die infotech bietet allen eine wertvolle Plattform f\u00fcr [&hellip;]<\/p>\n","protected":false},"author":1,"featured_media":0,"parent":0,"menu_order":0,"comment_status":"closed","ping_status":"closed","template":"","meta":{"_acf_changed":false,"_et_pb_use_builder":"on","_et_pb_old_content":"","_et_gb_content_width":"","footnotes":""},"class_list":["post-847","page","type-page","status-publish","hentry"],"acf":[],"_links":{"self":[{"href":"https:\/\/www.velosuisse.ch\/en\/wp-json\/wp\/v2\/pages\/847","targetHints":{"allow":["GET"]}}],"collection":[{"href":"https:\/\/www.velosuisse.ch\/en\/wp-json\/wp\/v2\/pages"}],"about":[{"href":"https:\/\/www.velosuisse.ch\/en\/wp-json\/wp\/v2\/types\/page"}],"author":[{"embeddable":true,"href":"https:\/\/www.velosuisse.ch\/en\/wp-json\/wp\/v2\/users\/1"}],"replies":[{"embeddable":true,"href":"https:\/\/www.velosuisse.ch\/en\/wp-json\/wp\/v2\/comments?post=847"}],"version-history":[{"count":36,"href":"https:\/\/www.velosuisse.ch\/en\/wp-json\/wp\/v2\/pages\/847\/revisions"}],"predecessor-version":[{"id":8537,"href":"https:\/\/www.velosuisse.ch\/en\/wp-json\/wp\/v2\/pages\/847\/revisions\/8537"}],"wp:attachment":[{"href":"https:\/\/www.velosuisse.ch\/en\/wp-json\/wp\/v2\/media?parent=847"}],"curies":[{"name":"wp","href":"https:\/\/api.w.org\/{rel}","templated":true}]}}