{"id":8521,"date":"2026-04-10T10:17:46","date_gmt":"2026-04-10T09:17:46","guid":{"rendered":"https:\/\/www.velosuisse.ch\/?page_id=8521"},"modified":"2026-04-10T13:27:13","modified_gmt":"2026-04-10T12:27:13","slug":"infotech","status":"publish","type":"page","link":"https:\/\/www.velosuisse.ch\/en\/infotech\/","title":{"rendered":"Infotech"},"content":{"rendered":"<p>[et_pb_section fb_built=&#8220;1&#8243; _builder_version=&#8220;4.16&#8243; _module_preset=&#8220;default&#8220; custom_padding=&#8220;26px||24px|||&#8220; global_colors_info=&#8220;{}&#8220;][et_pb_row _builder_version=&#8220;4.27.6&#8243; _module_preset=&#8220;default&#8220;][et_pb_column _builder_version=&#8220;4.27.6&#8243; _module_preset=&#8220;default&#8220; type=&#8220;4_4&#8243;][et_pb_image src=&#8220;https:\/\/www.velosuisse.ch\/wp-content\/uploads\/2025\/01\/infotech-logo-generell.png&#8220; _builder_version=&#8220;4.27.6&#8243; _module_preset=&#8220;default&#8220; title_text=&#8220;infotech-logo-generell&#8220; width=&#8220;50%&#8220; module_alignment=&#8220;center&#8220; hover_enabled=&#8220;0&#8243; sticky_enabled=&#8220;0&#8243;][\/et_pb_image][\/et_pb_column][\/et_pb_row][et_pb_row _builder_version=&#8220;4.16&#8243; _module_preset=&#8220;default&#8220; global_colors_info=&#8220;{}&#8220;][et_pb_column type=&#8220;4_4&#8243; _builder_version=&#8220;4.16&#8243; _module_preset=&#8220;default&#8220; global_colors_info=&#8220;{}&#8220;][et_pb_text _builder_version=&#8220;4.27.6&#8243; _module_preset=&#8220;default&#8220; global_colors_info=&#8220;{}&#8220;]<\/p>\n<h2>Willkommen auf der Infotech \u2013 dem zentralen Schulungs- und Branchenevent der Schweizer Velowelt<\/h2>\n<p>[\/et_pb_text][\/et_pb_column][\/et_pb_row][et_pb_row _builder_version=&#8220;4.27.4&#8243; _module_preset=&#8220;default&#8220; background_enable_color=&#8220;off&#8220; global_colors_info=&#8220;{}&#8220;][et_pb_column type=&#8220;4_4&#8243; _builder_version=&#8220;4.27.4&#8243; _module_preset=&#8220;default&#8220; global_colors_info=&#8220;{}&#8220;][et_pb_text _builder_version=&#8220;4.27.4&#8243; _module_preset=&#8220;default&#8220; global_colors_info=&#8220;{}&#8220;]<\/p>\n<p data-path-to-node=\"3\">Die Infotech, organisiert von <b data-path-to-node=\"3\" data-index-in-node=\"30\">velosuisse<\/b>, ist seit vielen Jahren die etablierte Wissens- und Weiterbildungsplattform der Veloindustrie f\u00fcr den Velofachhandel. Gleichzeitig hat sie sich als bedeutendstes Stelldichein und unverzichtbare Netzwerkplattform f\u00fcr die gesamte Schweizer Velobranche bew\u00e4hrt.<\/p>\n<p data-path-to-node=\"4\"><b data-path-to-node=\"4\" data-index-in-node=\"0\">Eine Plattform f\u00fcr alle Anspruchsgruppen<\/b><\/p>\n<p data-path-to-node=\"4\">Mit einem zukunftsorientierten Konzept und spannenden Inhalten richtet sich die Veranstaltung gezielt an die unterschiedlichen Akteure des station\u00e4ren Fachhandels. Ob Gesch\u00e4ftsf\u00fchrung, Mechaniker, Verk\u00e4uferinnen, Lernende oder Quereinsteiger \u2013 die Infotech bietet allen eine wertvolle B\u00fchne f\u00fcr fundierte Weiterbildung, intensiven Austausch und den Aufbau eines starken Netzwerks.<\/p>\n<p data-path-to-node=\"5\"><b data-path-to-node=\"5\" data-index-in-node=\"0\">Wissen, Trends und Innovationen<\/b><\/p>\n<p data-path-to-node=\"5\">Als j\u00e4hrlicher Startschuss in die neue Velosaison b\u00fcndelt die Infotech in zahlreichen Seminaren und Webinaren ein breit gef\u00e4chertes Themenangebot. Neben der Pr\u00e4sentation aktueller Markttrends, technologischer Innovationen und Produktneuheiten steht die Vermittlung von praxisnahem Wissen im Fokus. Die Agenda deckt dabei alles ab, was die Branche bewegt:<\/p>\n<ul data-path-to-node=\"6\">\n<li>\n<p data-path-to-node=\"6,0,0\">Digitale Tools, Softwarel\u00f6sungen und E-Commerce<\/p>\n<\/li>\n<li>\n<p data-path-to-node=\"6,1,0\">Kaufm\u00e4nnische Themen, Betriebs\u00fcbergabe und Unternehmensf\u00fchrung<\/p>\n<\/li>\n<li>\n<p data-path-to-node=\"6,2,0\">Marketing, Verkauf und serviceorientierte Kundenbetreuung<\/p>\n<\/li>\n<li>\n<p data-path-to-node=\"6,3,0\">Ergonomie, Fitting und zukunftssichere Werkstattf\u00fchrung<\/p>\n<\/li>\n<\/ul>\n<p data-path-to-node=\"7\">Zudem runden hochkar\u00e4tig besetzte Foren und Podiumsdiskussionen \u2013 oft auch unter Einbezug von Verkehrsfachleuten zur Schweizer Velopolitik und -infrastruktur \u2013 das umfassende Schulungsprogramm ab.<\/p>\n<p data-path-to-node=\"8\"><b data-path-to-node=\"8\" data-index-in-node=\"0\">Die Branche r\u00fcckt zusammen<\/b><\/p>\n<p data-path-to-node=\"8\">Neben dem umfangreichen Bildungsangebot wird das Networking an der Infotech grossgeschrieben. Ob in den Pausen, bei spannenden Sonderschauen oder den gemeinsamen Abendveranstaltungen: Hier trifft der Velohandel direkt und auf Augenh\u00f6he auf die Vertreter der Veloindustrie. Ganz im Sinne der kurzen Wege, die unsere Branche auszeichnen, entstehen hier neue Impulse, L\u00f6sungen und wertvolle Partnerschaften.<\/p>\n<p data-path-to-node=\"9\">Wir freuen uns darauf, gemeinsam mit Ihnen die Weichen f\u00fcr eine erfolgreiche und dynamische Velozukunft zu stellen!<\/p>\n<p>[\/et_pb_text][\/et_pb_column][\/et_pb_row][\/et_pb_section][et_pb_section fb_built=&#8220;1&#8243; fullwidth=&#8220;on&#8220; admin_label=&#8220;Call to Action&#8220; _builder_version=&#8220;4.16&#8243; animation_direction=&#8220;bottom&#8220; saved_tabs=&#8220;all&#8220; locked=&#8220;off&#8220; global_colors_info=&#8220;{}&#8220;][\/et_pb_section]<\/p>\n","protected":false},"excerpt":{"rendered":"<p>Willkommen auf der Infotech \u2013 dem zentralen Schulungs- und Branchenevent der Schweizer VeloweltDie Infotech, organisiert von velosuisse, ist seit vielen Jahren die etablierte Wissens- und Weiterbildungsplattform der Veloindustrie f\u00fcr den Velofachhandel. Gleichzeitig hat sie sich als bedeutendstes Stelldichein und unverzichtbare Netzwerkplattform f\u00fcr die gesamte Schweizer Velobranche bew\u00e4hrt. Eine Plattform f\u00fcr alle Anspruchsgruppen Mit einem zukunftsorientierten [&hellip;]<\/p>\n","protected":false},"author":1,"featured_media":0,"parent":0,"menu_order":0,"comment_status":"closed","ping_status":"closed","template":"","meta":{"_acf_changed":false,"_et_pb_use_builder":"on","_et_pb_old_content":"<!-- wp:divi\/placeholder \/-->","_et_gb_content_width":"","footnotes":""},"class_list":["post-8521","page","type-page","status-publish","hentry"],"acf":[],"_links":{"self":[{"href":"https:\/\/www.velosuisse.ch\/en\/wp-json\/wp\/v2\/pages\/8521","targetHints":{"allow":["GET"]}}],"collection":[{"href":"https:\/\/www.velosuisse.ch\/en\/wp-json\/wp\/v2\/pages"}],"about":[{"href":"https:\/\/www.velosuisse.ch\/en\/wp-json\/wp\/v2\/types\/page"}],"author":[{"embeddable":true,"href":"https:\/\/www.velosuisse.ch\/en\/wp-json\/wp\/v2\/users\/1"}],"replies":[{"embeddable":true,"href":"https:\/\/www.velosuisse.ch\/en\/wp-json\/wp\/v2\/comments?post=8521"}],"version-history":[{"count":6,"href":"https:\/\/www.velosuisse.ch\/en\/wp-json\/wp\/v2\/pages\/8521\/revisions"}],"predecessor-version":[{"id":8548,"href":"https:\/\/www.velosuisse.ch\/en\/wp-json\/wp\/v2\/pages\/8521\/revisions\/8548"}],"wp:attachment":[{"href":"https:\/\/www.velosuisse.ch\/en\/wp-json\/wp\/v2\/media?parent=8521"}],"curies":[{"name":"wp","href":"https:\/\/api.w.org\/{rel}","templated":true}]}}