{"id":11,"date":"2020-10-31T08:56:44","date_gmt":"2020-10-31T08:56:44","guid":{"rendered":"https:\/\/www.velosuisse.ch\/?page_id=11"},"modified":"2026-03-27T18:08:26","modified_gmt":"2026-03-27T17:08:26","slug":"mitglied-werden","status":"publish","type":"page","link":"https:\/\/www.velosuisse.ch\/fr\/mitglied-werden\/","title":{"rendered":"Devenir membre"},"content":{"rendered":"<p>[et_pb_section fb_built=&#8220;1&#8243; fullwidth=&#8220;on&#8220; _builder_version=&#8220;4.16&#8243; _module_preset=&#8220;default&#8220; global_colors_info=&#8220;{}&#8220;][et_pb_fullwidth_header title=&#8220;Velosuisse Mitglied werden&#8220; text_orientation=&#8220;right&#8220; _builder_version=&#8220;4.16&#8243; _module_preset=&#8220;default&#8220; title_font_size=&#8220;60px&#8220; use_background_color_gradient=&#8220;on&#8220; background_color_gradient_direction=&#8220;90deg&#8220; background_color_gradient_stops=&#8220;rgba(0,0,0,0) 0%|rgba(0,0,0,0.75) 100%&#8220; background_color_gradient_overlays_image=&#8220;on&#8220; background_color_gradient_start=&#8220;rgba(0,0,0,0)&#8220; background_color_gradient_end=&#8220;rgba(0,0,0,0.75)&#8220; background_image=&#8220;https:\/\/www.velosuisse.ch\/wp-content\/uploads\/2020\/11\/banner_city.jpg&#8220; background_position=&#8220;top_center&#8220; custom_padding=&#8220;8%||8%||false|false&#8220; global_colors_info=&#8220;{}&#8220;][\/et_pb_fullwidth_header][\/et_pb_section][et_pb_section fb_built=&#8220;1&#8243; _builder_version=&#8220;4.16&#8243; _module_preset=&#8220;default&#8220; global_colors_info=&#8220;{}&#8220;][et_pb_row column_structure=&#8220;3_5,2_5&#8243; _builder_version=&#8220;4.16&#8243; _module_preset=&#8220;default&#8220; global_colors_info=&#8220;{}&#8220;][et_pb_column type=&#8220;3_5&#8243; _builder_version=&#8220;4.16&#8243; _module_preset=&#8220;default&#8220; global_colors_info=&#8220;{}&#8220;][et_pb_text _builder_version=&#8220;4.27.6&#8243; _module_preset=&#8220;default&#8220; hover_enabled=&#8220;0&#8243; global_colors_info=&#8220;{}&#8220; sticky_enabled=&#8220;0&#8243;]<\/p>\n<div class=\"et_pb_module et_pb_de_mach_title et_pb_de_mach_title_3\">\n<div class=\"et_pb_module_inner\">\n<p><strong>Gemeinsam stark f\u00fcr den Schweizer Velomarkt<\/strong><\/p>\n<p><span style=\"font-size: 11.0pt; font-family: 'Aptos',sans-serif;\">velosuisse ist die nationale Interessenvertretung der Schweizer Fahrradbranche. Wir setzen uns sachbezogen und wirkungsvoll f\u00fcr einen prosperierenden Velohandel ein \u2013 wirtschaftlich, politisch und gesellschaftlich. Unsere Mitglieder profitieren von einem starken Leistungspaket und einer klaren Stimme f\u00fcr Velo- und E-Bike-Themen in Alltag, Freizeit und Sport.<\/span><\/p>\n<p><span style=\"font-size: 11.0pt; font-family: 'Aptos',sans-serif;\">velosuisse engagiert sich f\u00fcr zeitgem\u00e4sse Rahmenbedingungen, eine mitwachsende Veloinfrastruktur und sinnvolle Normen zum Schutz der Velofahrenden. Wir stehen gegen \u00fcbertriebene Regulierung, f\u00f6rdern Aus- und Weiterbildung und setzen uns f\u00fcr einen freien, leistungsf\u00e4higen und zukunftsorientierten Handel ein.<\/span><\/p>\n<p><span style=\"font-size: 11.0pt; font-family: 'Aptos',sans-serif;\">Was uns verbindet, ist die Leidenschaft f\u00fcr das effizienteste, ges\u00fcndeste und nachhaltigste Verkehrsmittel: das Velo. Werden auch Sie und ihre Organisation Teil von velosuisse \u2013 denn gemeinsam bewegen wir mehr.<\/span><\/p>\n<p><strong><span style=\"font-size: 11.0pt; font-family: 'Aptos',sans-serif; font-weight: normal;\">Mitglied werden k\u00f6nnen<\/span><\/strong><span style=\"font-size: 11.0pt; font-family: 'Aptos',sans-serif;\"> Unternehmen und Organisationen der Fahrradbranche, die ein Domizil in der Schweiz haben und Mitarbeitende besch\u00e4ftigen: Fabrikanten, Importeure, Grossisten, H\u00e4ndler, Dienstleister und Agenturen, die Fahrr\u00e4der, Bestandteile, Zubeh\u00f6r, Dienstleistungen oder Bekleidung f\u00fcr Fahrr\u00e4der oder deren Nutzende in der Schweiz vertreiben.<\/span><\/p>\n<p><strong>Leistungspaket f\u00fcr Mitglieder: \u00a0<\/strong><strong><a href=\"https:\/\/www.velosuisse.ch\/wp-content\/uploads\/2026\/03\/Praesentation_Velosuisse.pdf\" target=\"_blank\" rel=\"noopener\">Leistungen<\/a><\/strong><br \/><strong>Statuten velosuisse: <\/strong>\u00a0<strong><a href=\"https:\/\/www.velosuisse.ch\/wp-content\/uploads\/2025\/11\/Statuten_Velosuisse_2025.pdf\" target=\"_blank\" rel=\"noopener\">Statuten<\/a><\/strong><\/p>\n<p>Bei Fragen steht ihnen unsere Gesch\u00e4ftsf\u00fchrerin Nathalie Schneitter gerne zur Verf\u00fcgung: <a href=\"mailto:nathalie.schneitter@velosuisse.ch\">nathalie.schneitter@velosuisse.ch<\/a><\/p>\n<\/div>\n<\/div>\n<div class=\"et_pb_module et_pb_de_mach_acf_item et_pb_de_mach_acf_item_10 et_pb_de_mach_alignment_ dmach-acf-has-value dmach-image-icon-placement-left\">\n<div class=\"et_pb_module_inner\">\n<div class=\"dmach-acf-item-container\">\n<div class=\"dmach-acf-item-content\">\u00a0<\/div>\n<\/div>\n<\/div>\n<\/div>\n<p>[\/et_pb_text][\/et_pb_column][et_pb_column type=&#8220;2_5&#8243; _builder_version=&#8220;4.16&#8243; _module_preset=&#8220;default&#8220; global_colors_info=&#8220;{}&#8220;][et_pb_image src=&#8220;https:\/\/www.velosuisse.ch\/wp-content\/uploads\/2025\/11\/Velosuisse-Vorstand-scaled.jpg&#8220; title_text=&#8220;Velosuisse-Vorstand&#8220; show_in_lightbox=&#8220;on&#8220; _builder_version=&#8220;4.27.4&#8243; _module_preset=&#8220;default&#8220; custom_margin=&#8220;||76px|||&#8220; global_colors_info=&#8220;{}&#8220;][\/et_pb_image][et_pb_text _builder_version=&#8220;4.27.4&#8243; _module_preset=&#8220;default&#8220; custom_margin=&#8220;-64px||||false|false&#8220; global_colors_info=&#8220;{}&#8220;]<\/p>\n<p>Der Velosuisse-Vorstand anl\u00e4sslich der Vorstandssitzung mit anschliessender Generalversammlung bei Chris Sports AG am Donnerstag, 20. November 2025 in Eschlikon. Foto Martin Platter<\/p>\n<p>[\/et_pb_text][\/et_pb_column][\/et_pb_row][\/et_pb_section]<\/p>\n","protected":false},"excerpt":{"rendered":"<p>Gemeinsam stark f\u00fcr den Schweizer Velomarkt velosuisse ist die nationale Interessenvertretung der Schweizer Fahrradbranche. Wir setzen uns sachbezogen und wirkungsvoll f\u00fcr einen prosperierenden Velohandel ein \u2013 wirtschaftlich, politisch und gesellschaftlich. Unsere Mitglieder profitieren von einem starken Leistungspaket und einer klaren Stimme f\u00fcr Velo- und E-Bike-Themen in Alltag, Freizeit und Sport. velosuisse engagiert sich f\u00fcr zeitgem\u00e4sse [&hellip;]<\/p>\n","protected":false},"author":1,"featured_media":0,"parent":0,"menu_order":0,"comment_status":"closed","ping_status":"closed","template":"","meta":{"_acf_changed":false,"_et_pb_use_builder":"on","_et_pb_old_content":"<!-- wp:paragraph -->\r\n<p>Nichts ist selbstverst\u00e4ndlich. Selbst das nicht, was in der Schweiz als selbstverst\u00e4ndlich angesehen wird: fliessendes Trinkwasser, Strom aus der Steckdose, gut gef\u00fcllte Warenh\u00e4user, eine funktionierende Abfallentsorgung, intakte Verkehrssysteme, ein offenes Bildungswesen, ein politisches System mit der M\u00f6glichkeit der direkten Einflussnahme durch das Stimmvolk und ein weltweit einzigartig hoher Lebensstandard \u2013 auch in Bezug auf die Lebensqualit\u00e4t. Das ist nicht einfach selbstverst\u00e4ndlich. Es wurde in ausdauernder Kleinarbeit entworfen, erarbeitet und wird laufend unterhalten und weiterentwickelt. <\/p>\r\n<!-- \/wp:paragraph -->\r\n\r\n<!-- wp:paragraph -->\r\n<p>Die Verbandsarbeit spielt dabei eine zentrale Rolle. Denn sie verbindet und b\u00fcndelt dabei die Ideen, Interessen und Kr\u00e4fte von Gleichgesinnten. Sie schafft Fakten und verschafft sich so Geh\u00f6r in den Medien, bei Beh\u00f6rden und Institutionen, auf Verwaltungen und in der Politik. Velosuisse setzt sich f\u00fcrs Velo und E-Bike ein. Damit die Rahmenbedingungen stimmen und auch die Velostrasseninfrastruktur endlich mit der enormen Popularit\u00e4t des Fahrrads schritth\u00e4lt. Velosuisse ist gegen \u00fcbertriebene Regulierung durch den Gesetzgeber, aber f\u00fcr sinnvolle Normen und Empfehlungen zum Schutze der Velofahrenden. Der Verband f\u00f6rdert die Aus- und Weiterbildung von initiativen und kompetenten Berufsleuten und steht f\u00fcr einen prosperierenden Handel ohne Hemmnisse. <\/p>\r\n<!-- \/wp:paragraph -->\r\n\r\n<!-- wp:paragraph -->\r\n<p><strong>Was uns aber am meisten verbindet, ist die Leidenschaft f\u00fcr das faszinierendste, erhebendste, effizienteste, rasanteste, ges\u00fcndeste und umweltfreundlichste Vorw\u00e4rtskommen mit eigener Muskelkraft auf zwei R\u00e4dern. Werden auch Sie Teil der Velosuisse-Bewegung, denn gemeinsam sind wir noch st\u00e4rker.<\/strong><\/p>\r\n<!-- \/wp:paragraph -->\r\n\r\n<!-- wp:paragraph -->\r\n<p>Mitglied werden k\u00f6nnen Fabrikanten, Importeure, Grossisten und Agenturen, die Fahrr\u00e4der und deren Bestandteile, Zubeh\u00f6r und Bekleidung in der Schweiz herstellen und\/oder vertreiben, einen Gesch\u00e4ftssitz in der Schweiz haben und schon eine gewisse Zeit Zeit auf dem Markt aktiv sind. Verlangen Sie unsere Anmeldeunterlagen: <a href=\"mailto:info@velosuisse.ch\">info@velosuisse.ch<\/a> oder Telefon 062 822 20 25.<\/p>\r\n<!-- \/wp:paragraph -->\r\n\r\n<!-- wp:image {\"id\":1744,\"sizeSlug\":\"large\"} -->\r\n<figure class=\"wp-block-image size-large\"><img src=\"https:\/\/www.velosuisse.ch\/wp-content\/uploads\/2020\/11\/Velosuisse-Vorstand-1024x682.jpg\" alt=\"\" class=\"wp-image-1744\"\/><figcaption>Velosuisse-Vorstand anl\u00e4sslich der Vorstandssitzung bei Wenger und Vieli in Z\u00fcrich am Mittwoch, 22. Januar 2020.\r\nFoto Martin Platter<\/figcaption><\/figure>\r\n<!-- \/wp:image -->\r\n\r\n<!-- wp:paragraph -->\r\n<p><\/p>\r\n<!-- \/wp:paragraph -->","_et_gb_content_width":"","footnotes":""},"class_list":["post-11","page","type-page","status-publish","hentry"],"acf":[],"_links":{"self":[{"href":"https:\/\/www.velosuisse.ch\/fr\/wp-json\/wp\/v2\/pages\/11","targetHints":{"allow":["GET"]}}],"collection":[{"href":"https:\/\/www.velosuisse.ch\/fr\/wp-json\/wp\/v2\/pages"}],"about":[{"href":"https:\/\/www.velosuisse.ch\/fr\/wp-json\/wp\/v2\/types\/page"}],"author":[{"embeddable":true,"href":"https:\/\/www.velosuisse.ch\/fr\/wp-json\/wp\/v2\/users\/1"}],"replies":[{"embeddable":true,"href":"https:\/\/www.velosuisse.ch\/fr\/wp-json\/wp\/v2\/comments?post=11"}],"version-history":[{"count":34,"href":"https:\/\/www.velosuisse.ch\/fr\/wp-json\/wp\/v2\/pages\/11\/revisions"}],"predecessor-version":[{"id":8518,"href":"https:\/\/www.velosuisse.ch\/fr\/wp-json\/wp\/v2\/pages\/11\/revisions\/8518"}],"wp:attachment":[{"href":"https:\/\/www.velosuisse.ch\/fr\/wp-json\/wp\/v2\/media?parent=11"}],"curies":[{"name":"wp","href":"https:\/\/api.w.org\/{rel}","templated":true}]}}