{"id":2499,"date":"2021-01-12T15:03:54","date_gmt":"2021-01-12T15:03:54","guid":{"rendered":"https:\/\/www.velosuisse.ch\/?page_id=2499"},"modified":"2021-01-26T11:49:06","modified_gmt":"2021-01-26T10:49:06","slug":"stellenangebote","status":"publish","type":"page","link":"https:\/\/www.velosuisse.ch\/fr\/stellenangebote\/","title":{"rendered":"Postes vacants"},"content":{"rendered":"<p>[et_pb_section fb_built=&#8220;1&#8243; fullwidth=&#8220;on&#8220; _builder_version=&#8220;4.7.7&#8243; _module_preset=&#8220;default&#8220;][et_pb_fullwidth_header title=&#8220;Stellenangebote&#8220; _builder_version=&#8220;4.8.1&#8243; _module_preset=&#8220;default&#8220; title_font_size=&#8220;60px&#8220; use_background_color_gradient=&#8220;on&#8220; background_color_gradient_start=&#8220;rgba(0,0,0,0.75)&#8220; background_color_gradient_end=&#8220;rgba(0,0,0,0)&#8220; background_color_gradient_direction=&#8220;90deg&#8220; background_color_gradient_overlays_image=&#8220;on&#8220; background_image=&#8220;https:\/\/www.velosuisse.ch\/wp-content\/uploads\/2020\/11\/werkstatt.jpg&#8220; custom_padding=&#8220;8%||8%||false|false&#8220; hover_enabled=&#8220;0&#8243; sticky_enabled=&#8220;0&#8243;][\/et_pb_fullwidth_header][\/et_pb_section][et_pb_section fb_built=&#8220;1&#8243; _builder_version=&#8220;3.22&#8243;][et_pb_row _builder_version=&#8220;3.25&#8243; background_size=&#8220;initial&#8220; background_position=&#8220;top_left&#8220; background_repeat=&#8220;repeat&#8220;][et_pb_column type=&#8220;4_4&#8243; _builder_version=&#8220;3.25&#8243; custom_padding=&#8220;|||&#8220; custom_padding__hover=&#8220;|||&#8220;][et_pb_text _builder_version=&#8220;4.8.1&#8243; background_size=&#8220;initial&#8220; background_position=&#8220;top_left&#8220; background_repeat=&#8220;repeat&#8220; hover_enabled=&#8220;0&#8243; sticky_enabled=&#8220;0&#8243;]<\/p>\n<div class=\"job_listings\" data-location=\"\" data-keywords=\"\" data-show_filters=\"true\" data-show_pagination=\"false\" data-per_page=\"10\" data-orderby=\"featured\" data-order=\"DESC\" data-categories=\"&lt;span&gt;stellenangebot&lt;\/span&gt;\" data-disable-form-state-storage=\"\" data-featured_first=\"false\" data-post_id=\"2499\" >\n<form class=\"job_filters\">\n\t\n\t<div class=\"search_jobs\">\n\t\t\n\t\t<div class=\"search_keywords\">\n\t\t\t<label for=\"search_keywords\">Mots-cl\u00e9s<\/label>\n\t\t\t<input type=\"text\" name=\"search_keywords\" id=\"search_keywords\" placeholder=\"Mots-cl\u00e9s\" value=\"\" \/>\n\t\t<\/div>\n\n\t\t<div class=\"search_location\">\n\t\t\t<label for=\"search_location\">Localisation<\/label>\n\t\t\t<input type=\"text\" name=\"search_location\" id=\"search_location\" placeholder=\"Localisation\" value=\"\" \/>\n\t\t<\/div>\n\n\t\t\t\t\t<div class=\"search_remote_position\">\n\t\t\t\t<input type=\"checkbox\" class=\"input-checkbox\" name=\"remote_position\" id=\"remote_position\" placeholder=\"Localisation\" value=\"1\"  \/>\n\t\t\t\t<label for=\"remote_position\" id=\"remote_position_label\">Postes en t\u00e9l\u00e9travail uniquement<\/label>\n\t\t\t<\/div>\n\t\t\n\t\t<div style=\"clear: both\"><\/div>\n\n\t\t\t\t\t\t\t\t\t<input type=\"hidden\" name=\"search_categories[]\" value=\"stellenangebot\" \/>\n\t\t\t\t\t\n\t\t\t\t\t<div class=\"search_submit\">\n\t\t\t\t<input type=\"submit\" value=\"Rechercher des offres d\u2019emploi\">\n\t\t\t<\/div>\n\t\t\n\t\t\t<\/div>\n\n\t\t<ul class=\"job_types\">\n\t\t\t\t\t<li><label for=\"job_type_freelance\" class=\"freelance\"><input type=\"checkbox\" name=\"filter_job_type[]\" value=\"freelance\"  checked='checked' id=\"job_type_freelance\" \/> Freelance<\/label><\/li>\n\t\t\t\t\t<li><label for=\"job_type_lehre\" class=\"lehre\"><input type=\"checkbox\" name=\"filter_job_type[]\" value=\"lehre\"  checked='checked' id=\"job_type_lehre\" \/> Lehre<\/label><\/li>\n\t\t\t\t\t<li><label for=\"job_type_teilzeit\" class=\"teilzeit\"><input type=\"checkbox\" name=\"filter_job_type[]\" value=\"teilzeit\"  checked='checked' id=\"job_type_teilzeit\" \/> Teilzeit<\/label><\/li>\n\t\t\t\t\t<li><label for=\"job_type_temoraer\" class=\"temporaer\"><input type=\"checkbox\" name=\"filter_job_type[]\" value=\"temoraer\"  checked='checked' id=\"job_type_temoraer\" \/> Tempor\u00e4r<\/label><\/li>\n\t\t\t\t\t<li><label for=\"job_type_vollzeit\" class=\"vollzeit\"><input type=\"checkbox\" name=\"filter_job_type[]\" value=\"vollzeit\"  checked='checked' id=\"job_type_vollzeit\" \/> Vollzeit<\/label><\/li>\n\t\t\t<\/ul>\n\t<input type=\"hidden\" name=\"filter_job_type[]\" value=\"\" \/>\n<div class=\"showing_jobs\"><\/div><\/form>\n\n\n<noscript>Votre navigateur ne supporte pas JavaScript, ou bien JavaScript est d\u00e9sactiv\u00e9. JavaScript doit \u00eatre activ\u00e9 pour pouvoir visualiser des postes.<\/noscript>\n<ul class=\"job_listings\">\n<\/ul>\n<a class=\"load_more_jobs\" href=\"#\" style=\"display:none;\"><strong>Afficher plus d\u2019offres<\/strong><\/a><\/div>\n<p>[\/et_pb_text][\/et_pb_column][\/et_pb_row][\/et_pb_section]<\/p>\n","protected":false},"excerpt":{"rendered":"<div class=\"job_listings\" data-location=\"\" data-keywords=\"\" data-show_filters=\"true\" data-show_pagination=\"false\" data-per_page=\"10\" data-orderby=\"featured\" data-order=\"DESC\" data-categories=\"stellenangebot\" data-disable-form-state-storage=\"\" data-featured_first=\"false\" data-post_id=\"2499\" >\n<form class=\"job_filters\" action=\"\">\n\t\n\t<div class=\"search_jobs\">\n\t\t\n\t\t<div class=\"search_keywords\">\n\t\t\t<label for=\"search_keywords\">Mots-cl\u00e9s<\/label>\n\t\t\t<input type=\"text\" name=\"search_keywords\" id=\"search_keywords\" placeholder=\"Mots-cl\u00e9s\" value=\"\" \/>\n\t\t<\/div>\n\n\t\t<div class=\"search_location\">\n\t\t\t<label for=\"search_location\">Localisation<\/label>\n\t\t\t<input type=\"text\" name=\"search_location\" id=\"search_location\" placeholder=\"Localisation\" value=\"\" \/>\n\t\t<\/div>\n\n\t\t\t\t\t<div class=\"search_remote_position\">\n\t\t\t\t<input type=\"checkbox\" class=\"input-checkbox\" name=\"remote_position\" id=\"remote_position\" placeholder=\"Localisation\" value=\"1\"  \/>\n\t\t\t\t<label for=\"remote_position\" id=\"remote_position_label\">Postes en t\u00e9l\u00e9travail uniquement<\/label>\n\t\t\t<\/div>\n\t\t\n\t\t<div style=\"clear: both\"><\/div>\n\n\t\t\t\t\t\t\t\t\t<input type=\"hidden\" name=\"search_categories[]\" value=\"stellenangebot\" \/>\n\t\t\t\t\t\n\t\t\t\t\t<div class=\"search_submit\">\n\t\t\t\t<input type=\"submit\" value=\"Rechercher des offres d&#039;emploi\">\n\t\t\t<\/div>\n\t\t\n\t\t\t<\/div>\n\n\t\t<ul class=\"job_types\">\n\t\t\t\t\t<li><label for=\"job_type_freelance\" class=\"freelance\"><input type=\"checkbox\" name=\"filter_job_type[]\" value=\"freelance\"  checked='checked' id=\"job_type_freelance\" \/> Freelance<\/label><\/li>\n\t\t\t\t\t<li><label for=\"job_type_lehre\" class=\"lehre\"><input type=\"checkbox\" name=\"filter_job_type[]\" value=\"lehre\"  checked='checked' id=\"job_type_lehre\" \/> Enseignement<\/label><\/li>\n\t\t\t\t\t<li><label for=\"job_type_teilzeit\" class=\"teilzeit\"><input type=\"checkbox\" name=\"filter_job_type[]\" value=\"teilzeit\"  checked='checked' id=\"job_type_teilzeit\" \/> Temps partiel<\/label><\/li>\n\t\t\t\t\t<li><label for=\"job_type_temoraer\" class=\"temporaer\"><input type=\"checkbox\" name=\"filter_job_type[]\" value=\"temoraer\"  checked='checked' id=\"job_type_temoraer\" \/> Temporaire<\/label><\/li>\n\t\t\t\t\t<li><label for=\"job_type_vollzeit\" class=\"vollzeit\"><input type=\"checkbox\" name=\"filter_job_type[]\" value=\"vollzeit\"  checked='checked' id=\"job_type_vollzeit\" \/> Temps plein<\/label><\/li>\n\t\t\t<\/ul>\n\t<input type=\"hidden\" name=\"filter_job_type[]\" value=\"\" \/>\n<div class=\"showing_jobs\"><\/div><input type=\"hidden\" name=\"trp-form-language\" value=\"fr\"\/><\/form>\n\n\n<noscript>Votre navigateur ne supporte pas JavaScript, ou bien JavaScript est d\u00e9sactiv\u00e9. JavaScript doit \u00eatre activ\u00e9 pour pouvoir visualiser des postes.<\/noscript>\n<ul class=\"job_listings\">\n<\/ul>\n<a class=\"load_more_jobs\" href=\"#\" style=\"display:none;\"><strong>Afficher plus d'offres<\/strong><\/a><\/div>","protected":false},"author":1,"featured_media":0,"parent":0,"menu_order":0,"comment_status":"closed","ping_status":"closed","template":"","meta":{"_acf_changed":false,"_et_pb_use_builder":"on","_et_pb_old_content":"[jobs]","_et_gb_content_width":"1080","footnotes":""},"class_list":["post-2499","page","type-page","status-publish","hentry"],"acf":[],"_links":{"self":[{"href":"https:\/\/www.velosuisse.ch\/fr\/wp-json\/wp\/v2\/pages\/2499","targetHints":{"allow":["GET"]}}],"collection":[{"href":"https:\/\/www.velosuisse.ch\/fr\/wp-json\/wp\/v2\/pages"}],"about":[{"href":"https:\/\/www.velosuisse.ch\/fr\/wp-json\/wp\/v2\/types\/page"}],"author":[{"embeddable":true,"href":"https:\/\/www.velosuisse.ch\/fr\/wp-json\/wp\/v2\/users\/1"}],"replies":[{"embeddable":true,"href":"https:\/\/www.velosuisse.ch\/fr\/wp-json\/wp\/v2\/comments?post=2499"}],"version-history":[{"count":6,"href":"https:\/\/www.velosuisse.ch\/fr\/wp-json\/wp\/v2\/pages\/2499\/revisions"}],"predecessor-version":[{"id":2700,"href":"https:\/\/www.velosuisse.ch\/fr\/wp-json\/wp\/v2\/pages\/2499\/revisions\/2700"}],"wp:attachment":[{"href":"https:\/\/www.velosuisse.ch\/fr\/wp-json\/wp\/v2\/media?parent=2499"}],"curies":[{"name":"wp","href":"https:\/\/api.w.org\/{rel}","templated":true}]}}