{"id":28,"date":"2020-10-31T09:00:55","date_gmt":"2020-10-31T09:00:55","guid":{"rendered":"https:\/\/www.velosuisse.ch\/?page_id=28"},"modified":"2025-11-30T16:44:38","modified_gmt":"2025-11-30T15:44:38","slug":"geschaeftsstelle","status":"publish","type":"page","link":"https:\/\/www.velosuisse.ch\/fr\/geschaeftsstelle\/","title":{"rendered":"Bureau d'administration"},"content":{"rendered":"<p>[et_pb_section fb_built=&#8220;1&#8243; fullwidth=&#8220;on&#8220; _builder_version=&#8220;4.16&#8243; _module_preset=&#8220;default&#8220; global_colors_info=&#8220;{}&#8220;][et_pb_fullwidth_header title=&#8220;Gesch\u00e4ftsstelle&#8220; text_orientation=&#8220;right&#8220; _builder_version=&#8220;4.16&#8243; _module_preset=&#8220;default&#8220; title_font_size=&#8220;60px&#8220; use_background_color_gradient=&#8220;on&#8220; background_color_gradient_direction=&#8220;90deg&#8220; background_color_gradient_stops=&#8220;rgba(0,0,0,0) 0%|rgba(0,0,0,0.75) 100%&#8220; background_color_gradient_overlays_image=&#8220;on&#8220; background_color_gradient_start=&#8220;rgba(0,0,0,0)&#8220; background_color_gradient_end=&#8220;rgba(0,0,0,0.75)&#8220; background_image=&#8220;https:\/\/www.velosuisse.ch\/wp-content\/uploads\/2020\/11\/Slider_Bike-Etappenrennen-500.jpg&#8220; background_position=&#8220;bottom_center&#8220; custom_padding=&#8220;8%||8%||false|false&#8220; global_colors_info=&#8220;{}&#8220;][\/et_pb_fullwidth_header][\/et_pb_section][et_pb_section fb_built=&#8220;1&#8243; _builder_version=&#8220;4.16&#8243; _module_preset=&#8220;default&#8220; global_colors_info=&#8220;{}&#8220;][et_pb_row column_structure=&#8220;3_5,2_5&#8243; _builder_version=&#8220;4.16&#8243; _module_preset=&#8220;default&#8220; global_colors_info=&#8220;{}&#8220;][et_pb_column type=&#8220;3_5&#8243; _builder_version=&#8220;4.16&#8243; _module_preset=&#8220;default&#8220; global_colors_info=&#8220;{}&#8220;][et_pb_text _builder_version=&#8220;4.27.4&#8243; _module_preset=&#8220;default&#8220; hover_enabled=&#8220;0&#8243; global_colors_info=&#8220;{}&#8220; sticky_enabled=&#8220;0&#8243;]<\/p>\n<p>Im Zuge einer Optimierung der organisatorischen Abl\u00e4ufe hat der Velosuisse-Vorstand 2018 beschlossen, die Gesch\u00e4ftsstellen von Velosuisse und der Velosuisse Event GmbH mit jener der Schweizer Sportartikellieferanten, SPAF, zusammenzulegen, mit der bereits eine Zusammenarbeit im Kreditschutz bestand. SPAF-Gesch\u00e4ftsf\u00fchrerin Gabriele Nauer f\u00fchrt zugleich das Sekretariat und die Buchhaltung f\u00fcr die Velosuisse-Organisationen und erledigt administrative Aufgaben in Zusammenarbeit mit Velosuisse-Gesch\u00e4ftsf\u00fchrerin Nathalie Schneitter und Velosuisse Event GmbH-Gesch\u00e4ftsf\u00fchrer Martin Platter.<\/p>\n<p><strong>Die Postadresse:<\/strong><br \/>Velosuisse<br \/>Rain 63<br \/>5001 Aarau<br \/>Telefon 062 822 20 25<\/p>\n<p>[\/et_pb_text][\/et_pb_column][et_pb_column type=&#8220;2_5&#8243; _builder_version=&#8220;4.16&#8243; _module_preset=&#8220;default&#8220; global_colors_info=&#8220;{}&#8220;][et_pb_image src=&#8220;https:\/\/www.velosuisse.ch\/wp-content\/uploads\/2020\/10\/velosuisse_logo.png&#8220; title_text=&#8220;velosuisse_logo&#8220; _builder_version=&#8220;4.16&#8243; _module_preset=&#8220;default&#8220; custom_margin=&#8220;||76px|||&#8220; global_colors_info=&#8220;{}&#8220;][\/et_pb_image][et_pb_contact_form use_spam_service=&#8220;on&#8220; recaptcha_list=&#8220;velosuissech|velosuissech-0&#8243; recaptcha_min_score=&#8220;0.7&#8243; email=&#8220;info@velosuisse.ch&#8220; title=&#8220;Kontaktformular&#8220; custom_message=&#8220;Kontaktformular velosuisse-Homepage||et_pb_line_break_holder||||et_pb_line_break_holder||Name: %%Name%%||et_pb_line_break_holder||E-Mail: %%Email%%||et_pb_line_break_holder||Telefon: %%Telefon%%||et_pb_line_break_holder||Nachricht: %%Message%%&#8220; success_message=&#8220;Besten Dank f\u00fcr Ihre Nachricht&#8220; _builder_version=&#8220;4.16&#8243; _module_preset=&#8220;default&#8220; _unique_id=&#8220;35db49c4-55e5-4e74-a54d-b1e9067e2337&#8243; global_colors_info=&#8220;{}&#8220;][et_pb_contact_field field_id=&#8220;Name&#8220; field_title=&#8220;Name&#8220; _builder_version=&#8220;4.16&#8243; global_colors_info=&#8220;{}&#8220; button_text_size__hover_enabled=&#8220;off&#8220; button_one_text_size__hover_enabled=&#8220;off&#8220; button_two_text_size__hover_enabled=&#8220;off&#8220; button_text_color__hover_enabled=&#8220;off&#8220; button_one_text_color__hover_enabled=&#8220;off&#8220; button_two_text_color__hover_enabled=&#8220;off&#8220; button_border_width__hover_enabled=&#8220;off&#8220; button_one_border_width__hover_enabled=&#8220;off&#8220; button_two_border_width__hover_enabled=&#8220;off&#8220; button_border_color__hover_enabled=&#8220;off&#8220; button_one_border_color__hover_enabled=&#8220;off&#8220; button_two_border_color__hover_enabled=&#8220;off&#8220; button_border_radius__hover_enabled=&#8220;off&#8220; button_one_border_radius__hover_enabled=&#8220;off&#8220; button_two_border_radius__hover_enabled=&#8220;off&#8220; button_letter_spacing__hover_enabled=&#8220;off&#8220; button_one_letter_spacing__hover_enabled=&#8220;off&#8220; button_two_letter_spacing__hover_enabled=&#8220;off&#8220; button_bg_color__hover_enabled=&#8220;off&#8220; button_one_bg_color__hover_enabled=&#8220;off&#8220; button_two_bg_color__hover_enabled=&#8220;off&#8220;][\/et_pb_contact_field][et_pb_contact_field field_id=&#8220;Email&#8220; field_title=&#8220;E-Mail-Adresse&#8220; field_type=&#8220;email&#8220; _builder_version=&#8220;4.16&#8243; global_colors_info=&#8220;{}&#8220; button_text_size__hover_enabled=&#8220;off&#8220; button_one_text_size__hover_enabled=&#8220;off&#8220; button_two_text_size__hover_enabled=&#8220;off&#8220; button_text_color__hover_enabled=&#8220;off&#8220; button_one_text_color__hover_enabled=&#8220;off&#8220; button_two_text_color__hover_enabled=&#8220;off&#8220; button_border_width__hover_enabled=&#8220;off&#8220; button_one_border_width__hover_enabled=&#8220;off&#8220; button_two_border_width__hover_enabled=&#8220;off&#8220; button_border_color__hover_enabled=&#8220;off&#8220; button_one_border_color__hover_enabled=&#8220;off&#8220; button_two_border_color__hover_enabled=&#8220;off&#8220; button_border_radius__hover_enabled=&#8220;off&#8220; button_one_border_radius__hover_enabled=&#8220;off&#8220; button_two_border_radius__hover_enabled=&#8220;off&#8220; button_letter_spacing__hover_enabled=&#8220;off&#8220; button_one_letter_spacing__hover_enabled=&#8220;off&#8220; button_two_letter_spacing__hover_enabled=&#8220;off&#8220; button_bg_color__hover_enabled=&#8220;off&#8220; button_one_bg_color__hover_enabled=&#8220;off&#8220; button_two_bg_color__hover_enabled=&#8220;off&#8220;][\/et_pb_contact_field][et_pb_contact_field field_id=&#8220;Telefon&#8220; field_title=&#8220;Telefon-Nummer&#8220; fullwidth_field=&#8220;on&#8220; _builder_version=&#8220;4.16&#8243; _module_preset=&#8220;default&#8220; global_colors_info=&#8220;{}&#8220;][\/et_pb_contact_field][et_pb_contact_field field_id=&#8220;Message&#8220; field_title=&#8220;Nachricht&#8220; field_type=&#8220;text&#8220; fullwidth_field=&#8220;on&#8220; _builder_version=&#8220;4.16&#8243; global_colors_info=&#8220;{}&#8220; button_text_size__hover_enabled=&#8220;off&#8220; button_one_text_size__hover_enabled=&#8220;off&#8220; button_two_text_size__hover_enabled=&#8220;off&#8220; button_text_color__hover_enabled=&#8220;off&#8220; button_one_text_color__hover_enabled=&#8220;off&#8220; button_two_text_color__hover_enabled=&#8220;off&#8220; button_border_width__hover_enabled=&#8220;off&#8220; button_one_border_width__hover_enabled=&#8220;off&#8220; button_two_border_width__hover_enabled=&#8220;off&#8220; button_border_color__hover_enabled=&#8220;off&#8220; button_one_border_color__hover_enabled=&#8220;off&#8220; button_two_border_color__hover_enabled=&#8220;off&#8220; button_border_radius__hover_enabled=&#8220;off&#8220; button_one_border_radius__hover_enabled=&#8220;off&#8220; button_two_border_radius__hover_enabled=&#8220;off&#8220; button_letter_spacing__hover_enabled=&#8220;off&#8220; button_one_letter_spacing__hover_enabled=&#8220;off&#8220; button_two_letter_spacing__hover_enabled=&#8220;off&#8220; button_bg_color__hover_enabled=&#8220;off&#8220; button_one_bg_color__hover_enabled=&#8220;off&#8220; button_two_bg_color__hover_enabled=&#8220;off&#8220;][\/et_pb_contact_field][\/et_pb_contact_form][\/et_pb_column][\/et_pb_row][\/et_pb_section]<\/p>\n","protected":false},"excerpt":{"rendered":"<p>Im Zuge einer Optimierung der organisatorischen Abl\u00e4ufe hat der Velosuisse-Vorstand 2018 beschlossen, die Gesch\u00e4ftsstellen von Velosuisse und der Velosuisse Event GmbH mit jener der Schweizer Sportartikellieferanten, SPAF, zusammenzulegen, mit der bereits eine Zusammenarbeit im Kreditschutz bestand. SPAF-Gesch\u00e4ftsf\u00fchrerin Gabriele Nauer f\u00fchrt zugleich das Sekretariat und die Buchhaltung f\u00fcr die Velosuisse-Organisationen und erledigt administrative Aufgaben in Zusammenarbeit [&hellip;]<\/p>\n","protected":false},"author":1,"featured_media":0,"parent":0,"menu_order":0,"comment_status":"closed","ping_status":"closed","template":"","meta":{"_acf_changed":false,"_et_pb_use_builder":"on","_et_pb_old_content":"<!-- wp:paragraph -->\r\n<p>Im Zuge einer Optimierung der organisatorischen Abl\u00e4ufe hat der Velosuisse-Vorstand 2018 beschlossen, die Gesch\u00e4ftsstellen von Velosuisse und der Velosuisse Event GmbH mit jener der Schweizer Sportartikellieferanten, SPAF, zusammenzulegen, mit der bereits eine Zusammenarbeit im Kreditschutz bestand. SPAF-Gesch\u00e4ftsf\u00fchrerin Gabriele Nauer f\u00fchrt zugleich das Sekretariat und die Buchhaltung f\u00fcr die Velosuisse-Organisationen und erledigt administrative Aufgaben in Zusammenarbeit mit Velosuisse-Gesch\u00e4ftsf\u00fchrer Martin Platter.<\/p>\r\n<!-- \/wp:paragraph -->\r\n\r\n<!-- wp:paragraph -->\r\n<p>Die Postadresse:<br>Velosuisse<br>Rain 63<br>5001 Aarau<br>Telefon 062 822 20 25<br><\/p>\r\n<!-- \/wp:paragraph -->","_et_gb_content_width":"","footnotes":""},"class_list":["post-28","page","type-page","status-publish","hentry"],"acf":[],"_links":{"self":[{"href":"https:\/\/www.velosuisse.ch\/fr\/wp-json\/wp\/v2\/pages\/28","targetHints":{"allow":["GET"]}}],"collection":[{"href":"https:\/\/www.velosuisse.ch\/fr\/wp-json\/wp\/v2\/pages"}],"about":[{"href":"https:\/\/www.velosuisse.ch\/fr\/wp-json\/wp\/v2\/types\/page"}],"author":[{"embeddable":true,"href":"https:\/\/www.velosuisse.ch\/fr\/wp-json\/wp\/v2\/users\/1"}],"replies":[{"embeddable":true,"href":"https:\/\/www.velosuisse.ch\/fr\/wp-json\/wp\/v2\/comments?post=28"}],"version-history":[{"count":17,"href":"https:\/\/www.velosuisse.ch\/fr\/wp-json\/wp\/v2\/pages\/28\/revisions"}],"predecessor-version":[{"id":7457,"href":"https:\/\/www.velosuisse.ch\/fr\/wp-json\/wp\/v2\/pages\/28\/revisions\/7457"}],"wp:attachment":[{"href":"https:\/\/www.velosuisse.ch\/fr\/wp-json\/wp\/v2\/media?parent=28"}],"curies":[{"name":"wp","href":"https:\/\/api.w.org\/{rel}","templated":true}]}}