{"id":4161,"date":"2023-09-18T15:07:53","date_gmt":"2023-09-18T14:07:53","guid":{"rendered":"https:\/\/www.velosuisse.ch\/?page_id=4161"},"modified":"2026-01-04T23:20:36","modified_gmt":"2026-01-04T22:20:36","slug":"ticketshop","status":"publish","type":"page","link":"https:\/\/www.velosuisse.ch\/fr\/ticketshop\/","title":{"rendered":"Billetterie"},"content":{"rendered":"<p>[et_pb_section fb_built=&#8220;1&#8243; _builder_version=&#8220;4.22.1&#8243; _module_preset=&#8220;default&#8220; custom_margin=&#8220;-100px||||false|false&#8220; global_colors_info=&#8220;{}&#8220;][et_pb_row _builder_version=&#8220;4.22.1&#8243; _module_preset=&#8220;default&#8220; global_colors_info=&#8220;{}&#8220;][et_pb_column type=&#8220;4_4&#8243; _builder_version=&#8220;4.22.1&#8243; _module_preset=&#8220;default&#8220; global_colors_info=&#8220;{}&#8220;][et_pb_image src=&#8220;https:\/\/www.velosuisse.ch\/wp-content\/uploads\/2025\/01\/InfoTech-Logo-2026.jpg&#8220; title_text=&#8220;InfoTech Logo 2026 Konexy-Schrift&#8220; _builder_version=&#8220;4.27.4&#8243; _module_preset=&#8220;default&#8220; width=&#8220;50%&#8220; module_alignment=&#8220;center&#8220; custom_margin=&#8220;20px||||false|false&#8220; global_colors_info=&#8220;{}&#8220;][\/et_pb_image][et_pb_countdown_timer title=&#8220;Die Infotech 2026 startet in&#8220; date_time=&#8220;2026-01-19 08:00&#8243; _builder_version=&#8220;4.27.4&#8243; _module_preset=&#8220;default&#8220; global_colors_info=&#8220;{}&#8220;][\/et_pb_countdown_timer][\/et_pb_column][\/et_pb_row][et_pb_row column_structure=&#8220;2_3,1_3&#8243; _builder_version=&#8220;4.22.1&#8243; _module_preset=&#8220;default&#8220; global_colors_info=&#8220;{}&#8220;][et_pb_column type=&#8220;2_3&#8243; _builder_version=&#8220;4.22.1&#8243; _module_preset=&#8220;default&#8220; global_colors_info=&#8220;{}&#8220;][et_pb_text _builder_version=&#8220;4.27.4&#8243; _module_preset=&#8220;default&#8220; display_conditions=&#8220;W3siaWQiOiI1MmFmZGUxMi0zMjQ0LTRhOTQtYTM5ZS01ZmZjMTkwZWRkMmQiLCJjb25kaXRpb24iOiJsb2dnZWRJblN0YXR1cyIsImNvbmRpdGlvblNldHRpbmdzIjp7ImRpc3BsYXlSdWxlIjoibG9nZ2VkT3V0IiwiYWRtaW5MYWJlbCI6IkFuZ2VtZWxkZXRlciBTdGF0dXMiLCJlbmFibGVDb25kaXRpb24iOiJvbiJ9LCJvcGVyYXRvciI6Ik9SIn1d&#8220; global_colors_info=&#8220;{}&#8220;]<\/p>\n<p>Sichere dir jetzt die Tickts f\u00fcr die Infotech 2026. Bezahlung der Tageseintritte und Essen bequem online mit Kreditkarte, Paypal, TWINT oder per Bank.<\/p>\n<p>Bereits bestehende Logins von den Vorjahren sind nach wie vor g\u00fcltig f\u00fcr den Einkaufsprozess.<\/p>\n<p>&nbsp;<\/p>\n<p>[\/et_pb_text][et_pb_button button_url=&#8220;\/mein-konto&#8220; button_text=&#8220;Noch kein Konto? Hier ein Konto erstellen&#8220; _builder_version=&#8220;4.23&#8243; _module_preset=&#8220;default&#8220; custom_button=&#8220;on&#8220; button_text_size=&#8220;15px&#8220; display_conditions=&#8220;W3siaWQiOiI0YmNjYTJkOC05MzBiLTQ2MWYtYmQ3MS1jNDc0YjFkMDBmNTciLCJjb25kaXRpb24iOiJsb2dnZWRJblN0YXR1cyIsImNvbmRpdGlvblNldHRpbmdzIjp7ImRpc3BsYXlSdWxlIjoibG9nZ2VkT3V0IiwiYWRtaW5MYWJlbCI6IkFuZ2VtZWxkZXRlciBTdGF0dXMiLCJlbmFibGVDb25kaXRpb24iOiJvbiJ9LCJvcGVyYXRvciI6Ik9SIn1d&#8220; global_colors_info=&#8220;{}&#8220;][\/et_pb_button][\/et_pb_column][et_pb_column type=&#8220;1_3&#8243; _builder_version=&#8220;4.22.1&#8243; _module_preset=&#8220;default&#8220; global_colors_info=&#8220;{}&#8220;][et_pb_login title=&#8220;Login&#8220; current_page_redirect=&#8220;on&#8220; _builder_version=&#8220;4.27.4&#8243; _module_preset=&#8220;default&#8220; display_conditions=&#8220;W3siaWQiOiI0NWFkODFlNS1kYjA5LTRiNTItOWE5YS0wY2Q1MDgwOTFmNDQiLCJjb25kaXRpb24iOiJsb2dnZWRJblN0YXR1cyIsImNvbmRpdGlvblNldHRpbmdzIjp7ImRpc3BsYXlSdWxlIjoibG9nZ2VkT3V0IiwiYWRtaW5MYWJlbCI6IkFuZ2VtZWxkZXRlciBTdGF0dXMiLCJlbmFibGVDb25kaXRpb24iOiJvbiJ9LCJvcGVyYXRvciI6Ik9SIn1d&#8220; global_colors_info=&#8220;{}&#8220;]<\/p>\n<p>Hast du bereits ein Login von den Vorjahren? Dann kannst du dich hier anmelden:<\/p>\n<p>[\/et_pb_login][\/et_pb_column][\/et_pb_row][et_pb_row column_structure=&#8220;1_3,1_3,1_3&#8243; _builder_version=&#8220;4.23&#8243; _module_preset=&#8220;default&#8220; global_colors_info=&#8220;{}&#8220;][et_pb_column type=&#8220;1_3&#8243; _builder_version=&#8220;4.23&#8243; _module_preset=&#8220;default&#8220; global_colors_info=&#8220;{}&#8220;][et_pb_button button_url=&#8220;\/warenkorb&#8220; button_text=&#8220;Meinen Warenkorb anzeigen&#8220; _builder_version=&#8220;4.22.1&#8243; _module_preset=&#8220;default&#8220; custom_button=&#8220;on&#8220; button_text_size=&#8220;15px&#8220; global_colors_info=&#8220;{}&#8220;][\/et_pb_button][\/et_pb_column][et_pb_column type=&#8220;1_3&#8243; _builder_version=&#8220;4.23&#8243; _module_preset=&#8220;default&#8220; global_colors_info=&#8220;{}&#8220;][et_pb_button button_url=&#8220;https:\/\/velosuisse-infotech.lineupr.com\/2026\/&#8220; url_new_window=&#8220;on&#8220; button_text=&#8220;Programm InfoTech 2026&#8243; admin_label=&#8220;Button&#8220; _builder_version=&#8220;4.27.4&#8243; _module_preset=&#8220;default&#8220; custom_button=&#8220;on&#8220; button_text_size=&#8220;15px&#8220; global_colors_info=&#8220;{}&#8220;][\/et_pb_button][\/et_pb_column][et_pb_column type=&#8220;1_3&#8243; _builder_version=&#8220;4.23&#8243; _module_preset=&#8220;default&#8220; global_colors_info=&#8220;{}&#8220;][et_pb_button url_new_window=&#8220;on&#8220; button_text=&#8220;Programm InfoTech als PDF&#8220; _builder_version=&#8220;4.27.5&#8243; _module_preset=&#8220;default&#8220; custom_button=&#8220;on&#8220; button_text_size=&#8220;15px&#8220; hover_enabled=&#8220;0&#8243; global_colors_info=&#8220;{}&#8220; button_url=&#8220;https:\/\/www.velosuisse.ch\/wp-content\/uploads\/2026\/01\/InfoTech-Programm_2026_Faltblatt.pdf&#8220; sticky_enabled=&#8220;0&#8243;][\/et_pb_button][\/et_pb_column][\/et_pb_row][\/et_pb_section][et_pb_section fb_built=&#8220;1&#8243; _builder_version=&#8220;4.22.1&#8243; _module_preset=&#8220;default&#8220; global_colors_info=&#8220;{}&#8220;][et_pb_row _builder_version=&#8220;4.22.1&#8243; _module_preset=&#8220;default&#8220; global_colors_info=&#8220;{}&#8220;][et_pb_column type=&#8220;4_4&#8243; _builder_version=&#8220;4.22.1&#8243; _module_preset=&#8220;default&#8220; global_colors_info=&#8220;{}&#8220;][et_pb_shop _builder_version=&#8220;4.22.1&#8243; _module_preset=&#8220;default&#8220; global_colors_info=&#8220;{}&#8220;][\/et_pb_shop][\/et_pb_column][\/et_pb_row][\/et_pb_section]<\/p>\n","protected":false},"excerpt":{"rendered":"<p>Assure-toi d\u00e8s maintenant d'obtenir tes billets pour Infotech 2026. Paiement des entr\u00e9es journali\u00e8res et des repas confortablement en ligne par carte de cr\u00e9dit, Paypal, TWINT ou par banque. Les logins existants des ann\u00e9es pr\u00e9c\u00e9dentes sont toujours valables pour le processus d'achat.  Tu as d\u00e9j\u00e0 un login des ann\u00e9es pr\u00e9c\u00e9dentes ? Alors tu peux t'inscrire ici :<\/p>","protected":false},"author":1,"featured_media":0,"parent":0,"menu_order":0,"comment_status":"closed","ping_status":"closed","template":"","meta":{"_acf_changed":false,"_et_pb_use_builder":"on","_et_pb_old_content":"","_et_gb_content_width":"","footnotes":""},"class_list":["post-4161","page","type-page","status-publish","hentry"],"acf":[],"_links":{"self":[{"href":"https:\/\/www.velosuisse.ch\/fr\/wp-json\/wp\/v2\/pages\/4161","targetHints":{"allow":["GET"]}}],"collection":[{"href":"https:\/\/www.velosuisse.ch\/fr\/wp-json\/wp\/v2\/pages"}],"about":[{"href":"https:\/\/www.velosuisse.ch\/fr\/wp-json\/wp\/v2\/types\/page"}],"author":[{"embeddable":true,"href":"https:\/\/www.velosuisse.ch\/fr\/wp-json\/wp\/v2\/users\/1"}],"replies":[{"embeddable":true,"href":"https:\/\/www.velosuisse.ch\/fr\/wp-json\/wp\/v2\/comments?post=4161"}],"version-history":[{"count":36,"href":"https:\/\/www.velosuisse.ch\/fr\/wp-json\/wp\/v2\/pages\/4161\/revisions"}],"predecessor-version":[{"id":7892,"href":"https:\/\/www.velosuisse.ch\/fr\/wp-json\/wp\/v2\/pages\/4161\/revisions\/7892"}],"wp:attachment":[{"href":"https:\/\/www.velosuisse.ch\/fr\/wp-json\/wp\/v2\/media?parent=4161"}],"curies":[{"name":"wp","href":"https:\/\/api.w.org\/{rel}","templated":true}]}}