{"id":7055,"date":"2025-07-16T14:11:53","date_gmt":"2025-07-16T13:11:53","guid":{"rendered":"https:\/\/www.velosuisse.ch\/?post_type=product&#038;p=7055"},"modified":"2025-07-16T14:51:33","modified_gmt":"2025-07-16T13:51:33","slug":"infotech-2026-digital-abo-ohne-physische-teilnahme","status":"publish","type":"product","link":"https:\/\/www.velosuisse.ch\/fr\/produit\/infotech-2026-digital-abo-ohne-physische-teilnahme\/","title":{"rendered":"Infotech 2026 - Abonnement num\u00e9rique sans participation physique"},"content":{"rendered":"<p>Cet abonnement permet d'utiliser l'InfoTech Academy, o\u00f9 les s\u00e9minaires enregistr\u00e9s d'Infotech 2025, 2024, 2023 et 2021 peuvent \u00eatre visionn\u00e9s \u00e0 la demande, comme sur Netflix - sans devoir assister personnellement \u00e0 l'InfoTech. L'acc\u00e8s est valable jusqu'au 31.12.2026.<\/p>","protected":false},"excerpt":{"rendered":"<p>Cet abonnement permet d'utiliser l'InfoTech Academy, o\u00f9 les s\u00e9minaires enregistr\u00e9s d'Infotech 2025, 2024, 2023 et 2021 peuvent \u00eatre visionn\u00e9s \u00e0 la demande, comme sur Netflix - sans devoir assister personnellement \u00e0 l'InfoTech. L'acc\u00e8s est valable jusqu'au 31.12.2026.<\/p>","protected":false},"author":7,"featured_media":7069,"template":"","meta":{"_acf_changed":false,"_et_pb_use_builder":"","_et_pb_old_content":"","_et_gb_content_width":""},"product_brand":[],"product_cat":[207],"product_tag":[],"class_list":{"0":"post-7055","1":"product","2":"type-product","3":"status-publish","4":"has-post-thumbnail","6":"product_cat-ticket","8":"first","9":"instock","10":"virtual","11":"taxable","12":"purchasable","13":"product-type-simple"},"acf":[],"_links":{"self":[{"href":"https:\/\/www.velosuisse.ch\/fr\/wp-json\/wp\/v2\/product\/7055","targetHints":{"allow":["GET"]}}],"collection":[{"href":"https:\/\/www.velosuisse.ch\/fr\/wp-json\/wp\/v2\/product"}],"about":[{"href":"https:\/\/www.velosuisse.ch\/fr\/wp-json\/wp\/v2\/types\/product"}],"author":[{"embeddable":true,"href":"https:\/\/www.velosuisse.ch\/fr\/wp-json\/wp\/v2\/users\/7"}],"wp:featuredmedia":[{"embeddable":true,"href":"https:\/\/www.velosuisse.ch\/fr\/wp-json\/wp\/v2\/media\/7069"}],"wp:attachment":[{"href":"https:\/\/www.velosuisse.ch\/fr\/wp-json\/wp\/v2\/media?parent=7055"}],"wp:term":[{"taxonomy":"product_brand","embeddable":true,"href":"https:\/\/www.velosuisse.ch\/fr\/wp-json\/wp\/v2\/product_brand?post=7055"},{"taxonomy":"product_cat","embeddable":true,"href":"https:\/\/www.velosuisse.ch\/fr\/wp-json\/wp\/v2\/product_cat?post=7055"},{"taxonomy":"product_tag","embeddable":true,"href":"https:\/\/www.velosuisse.ch\/fr\/wp-json\/wp\/v2\/product_tag?post=7055"}],"curies":[{"name":"wp","href":"https:\/\/api.w.org\/{rel}","templated":true}]}}