{"id":7064,"date":"2025-07-16T14:30:45","date_gmt":"2025-07-16T13:30:45","guid":{"rendered":"https:\/\/www.velosuisse.ch\/?post_type=product&#038;p=7064"},"modified":"2025-07-21T08:49:26","modified_gmt":"2025-07-21T07:49:26","slug":"infotech-2026-tageseintritt-am-19-januar","status":"publish","type":"product","link":"https:\/\/www.velosuisse.ch\/fr\/produit\/infotech-2026-tageseintritt-am-19-januar\/","title":{"rendered":"Infotech 2026 - Entr\u00e9e journali\u00e8re le 19 janvier"},"content":{"rendered":"<p>Entr\u00e9e pour Infotech 2026 le lundi 19 janvier 2026. Le billet comprend, en plus du programme du s\u00e9minaire et du forum avec show sp\u00e9cial le soir, l'ap\u00e9ritif Motorex qui suivra ainsi que le d\u00eener et le bar \u00e0 commander s\u00e9par\u00e9ment.<\/p>","protected":false},"excerpt":{"rendered":"<p>Entr\u00e9e pour Infotech 2026 le lundi 19 janvier 2026. Le billet comprend, en plus du programme du s\u00e9minaire et du forum avec show sp\u00e9cial le soir, l'ap\u00e9ritif Motorex qui suivra ainsi que le d\u00eener et le bar \u00e0 commander s\u00e9par\u00e9ment.<\/p>","protected":false},"author":7,"featured_media":7068,"template":"","meta":{"_acf_changed":false,"_et_pb_use_builder":"","_et_pb_old_content":"","_et_gb_content_width":""},"product_brand":[],"product_cat":[207],"product_tag":[],"class_list":{"0":"post-7064","1":"product","2":"type-product","3":"status-publish","4":"has-post-thumbnail","6":"product_cat-ticket","8":"first","9":"instock","10":"taxable","11":"shipping-taxable","12":"purchasable","13":"product-type-variable"},"acf":[],"_links":{"self":[{"href":"https:\/\/www.velosuisse.ch\/fr\/wp-json\/wp\/v2\/product\/7064","targetHints":{"allow":["GET"]}}],"collection":[{"href":"https:\/\/www.velosuisse.ch\/fr\/wp-json\/wp\/v2\/product"}],"about":[{"href":"https:\/\/www.velosuisse.ch\/fr\/wp-json\/wp\/v2\/types\/product"}],"author":[{"embeddable":true,"href":"https:\/\/www.velosuisse.ch\/fr\/wp-json\/wp\/v2\/users\/7"}],"wp:featuredmedia":[{"embeddable":true,"href":"https:\/\/www.velosuisse.ch\/fr\/wp-json\/wp\/v2\/media\/7068"}],"wp:attachment":[{"href":"https:\/\/www.velosuisse.ch\/fr\/wp-json\/wp\/v2\/media?parent=7064"}],"wp:term":[{"taxonomy":"product_brand","embeddable":true,"href":"https:\/\/www.velosuisse.ch\/fr\/wp-json\/wp\/v2\/product_brand?post=7064"},{"taxonomy":"product_cat","embeddable":true,"href":"https:\/\/www.velosuisse.ch\/fr\/wp-json\/wp\/v2\/product_cat?post=7064"},{"taxonomy":"product_tag","embeddable":true,"href":"https:\/\/www.velosuisse.ch\/fr\/wp-json\/wp\/v2\/product_tag?post=7064"}],"curies":[{"name":"wp","href":"https:\/\/api.w.org\/{rel}","templated":true}]}}